{"id":10,"date":"2025-03-03T14:58:43","date_gmt":"2025-03-03T05:58:43","guid":{"rendered":"https:\/\/g-tourism.jp\/en\/?page_id=10"},"modified":"2025-04-30T09:18:46","modified_gmt":"2025-04-30T00:18:46","slug":"toppage","status":"publish","type":"page","link":"https:\/\/g-tourism.jp\/en\/","title":{"rendered":"toppage"},"content":{"rendered":"<div class=\"contentsWhite\">\n<div class=\"contentsNest\">\n<div class=\"homeTitle\">The village of Nara Kawakami<\/div>\n<h1>Out of the Quiet of the Mountains, a River Flows<\/h1>\n<div class=\"flex2Area\">\n<div class=\"homeImageSpace\"><img loading=\"lazy\" decoding=\"async\" class=\"alignnone size-full wp-image-29\" src=\"https:\/\/g-tourism.jp\/en\/wp-content\/uploads\/2025\/03\/quietmountains01.jpg\" alt=\"\" width=\"690\" height=\"463\" srcset=\"https:\/\/g-tourism.jp\/en\/wp-content\/uploads\/2025\/03\/quietmountains01.jpg 690w, https:\/\/g-tourism.jp\/en\/wp-content\/uploads\/2025\/03\/quietmountains01-640x429.jpg 640w\" sizes=\"(max-width: 690px) 100vw, 690px\" \/><br \/>\n<img loading=\"lazy\" decoding=\"async\" class=\"alignnone size-full wp-image-28\" src=\"https:\/\/g-tourism.jp\/en\/wp-content\/uploads\/2025\/03\/quietmountains02.jpg\" alt=\"\" width=\"690\" height=\"463\" srcset=\"https:\/\/g-tourism.jp\/en\/wp-content\/uploads\/2025\/03\/quietmountains02.jpg 690w, https:\/\/g-tourism.jp\/en\/wp-content\/uploads\/2025\/03\/quietmountains02-640x429.jpg 640w\" sizes=\"(max-width: 690px) 100vw, 690px\" \/><\/div>\n<div>\n<p>The town of Kawakami is tucked away at the highest reaches of the Yoshino River (known also as the Kinokawa River), high enough that the river is not yet a river at all. Instead, dozens of mountain streams trickle down through old-growth broadleaf forests into an ever-larger rush of cold, clean water. Kawakami is a place of deep valleys and lush woods, of expansive overlooks and ancient limestone caverns. Above all, it is a place whose residents have a deep understanding of the natural beauty that surrounds them and their responsibility to preserve it.<\/p>\n<p>Kawakami\u2019s history lies in forestry. For 500 years, it has provided the strong, unblemished cedar wood that the area is famous for. The town oversees one of the oldest planted forests in the country, and a 400-year-old cedar stands in silent testimony to the townspeople\u2019s careful cultivation of woodland resources. Local forestry practices prioritize the hardiness and beauty of the wood over its quantity, and local artists turn that wood into creative handicrafts.<\/p>\n<p>Nature education, particularly concerning the relationship between forest and water, is important to the people of Kawakami. The community offers an impressive number of guided activities that range from catching <em>amago<\/em> trout barehanded to caving with ropes and headlamps. Other, more relaxing activities include soaking in a mountain hot spring and pottery-making at the artists\u2019 community workshop.<\/p>\n<p>A bus runs from Yamato Kamiichi Station to central Kawakami, but the town is best explored by car. Car rental companies operate in nearby cities, and most will rent vehicles to holders of a domestic or international driver\u2019s license.<\/p>\n<\/div>\n<\/div>\n<p>&nbsp;<\/p>\n<div class=\"infoTitle\" style=\"text-align: center;\">About Kawakami<\/div>\n<p>&nbsp;<\/p>\n<div class=\"flex2Area reverseOrder\">\n<div class=\"homeImageSpace\"><img loading=\"lazy\" decoding=\"async\" class=\"alignnone size-full wp-image-127\" src=\"https:\/\/g-tourism.jp\/en\/wp-content\/uploads\/2025\/04\/rivers_source_p01.jpg\" alt=\"\" width=\"900\" height=\"600\" srcset=\"https:\/\/g-tourism.jp\/en\/wp-content\/uploads\/2025\/04\/rivers_source_p01.jpg 900w, https:\/\/g-tourism.jp\/en\/wp-content\/uploads\/2025\/04\/rivers_source_p01-640x427.jpg 640w, https:\/\/g-tourism.jp\/en\/wp-content\/uploads\/2025\/04\/rivers_source_p01-768x512.jpg 768w\" sizes=\"(max-width: 900px) 100vw, 900px\" \/><\/div>\n<div>\n<div class=\"newsTitle\">The Forest<br \/>\nat the River\u2019s Source<\/div>\n<p>The Forest at the River\u2019s Source For more than 500 years, a forest has stood untouched at the headwaters of the Yoshino River, where the river\u2019s flow is little more than a web of brooks and streams. There, rain and\u30fb\u30fb\u30fb<\/p>\n<div class=\"linkMoreArea\"><a class=\"linkMore\" href=\"https:\/\/g-tourism.jp\/en\/info\/the-forest-at-the-rivers-source\/\">More<\/a><\/div>\n<\/div>\n<\/div>\n<p>&nbsp;<\/p>\n<div class=\"flex2Area\">\n<div class=\"homeImageSpace\"><img loading=\"lazy\" decoding=\"async\" class=\"alignnone size-full wp-image-31\" src=\"https:\/\/g-tourism.jp\/en\/wp-content\/uploads\/2025\/03\/yoshino_forestry.jpg\" alt=\"\" width=\"900\" height=\"600\" srcset=\"https:\/\/g-tourism.jp\/en\/wp-content\/uploads\/2025\/03\/yoshino_forestry.jpg 900w, https:\/\/g-tourism.jp\/en\/wp-content\/uploads\/2025\/03\/yoshino_forestry-640x427.jpg 640w, https:\/\/g-tourism.jp\/en\/wp-content\/uploads\/2025\/03\/yoshino_forestry-768x512.jpg 768w\" sizes=\"(max-width: 900px) 100vw, 900px\" \/><\/div>\n<div>\n<div class=\"newsTitle\">Yoshino Forestry<\/div>\n<p>In Kawakami, where around 95 percent of the land is covered in forest, timber has always been part of the economy. For many centuries, the village residents foraged for wood and let the forest regrow naturally. This\u30fb\u30fb\u30fb<\/p>\n<div class=\"linkMoreArea\"><a class=\"linkMore\" href=\"https:\/\/g-tourism.jp\/en\/info\/yoshino_forestry\/\">More<\/a><\/div>\n<\/div>\n<\/div>\n<ul class=\"infoMenuArea\">\n<li><a class=\"fadeIn fadeBottom\" href=\"https:\/\/g-tourism.jp\/en\/info\/shimotako\/\" target=\"_top\" rel=\"noopener\">Shimotako\u2019s Historic Old-Growth Cedars<\/a><\/li>\n<li><a class=\"fadeIn fadeBottom\" href=\"https:\/\/g-tourism.jp\/en\/info\/dogura_shozaburo\/\" target=\"_top\" rel=\"noopener\">Dogura Sh\u014dzabur\u014d: Father of Forestry and Social Change<\/a><\/li>\n<li><a class=\"fadeIn fadeBottom\" href=\"https:\/\/g-tourism.jp\/en\/info\/yoshino_cedar\/\" target=\"_top\" rel=\"noopener\">The Elegance of Yoshino Cedar<\/a><\/li>\n<\/ul>\n<\/div>\n<\/div>\n<div class=\"contentsClear\">\n<div class=\"contentsNest\">\n<div style=\"padding-top: 1px;\">\n<h2 class=\"fadeIn fadeBottom\">Nature<\/h2>\n<\/div>\n<ul class=\"infoMenuArea\">\n<li><a class=\"fadeIn fadeBottom\" href=\"https:\/\/g-tourism.jp\/en\/info\/seirei-falls\/\" target=\"_top\" rel=\"noopener\">Seirei Falls (Dragonfly Falls)<\/a><\/li>\n<li><a class=\"fadeIn fadeBottom\" href=\"https:\/\/g-tourism.jp\/en\/info\/mifune-falls\/\" target=\"_top\" rel=\"noopener\">Mifune Falls<\/a><\/li>\n<li><a class=\"fadeIn fadeBottom\" href=\"https:\/\/g-tourism.jp\/en\/info\/fudokutsu\/\" target=\"_top\" rel=\"noopener\">The Limestone Cave of Fud\u014d My\u014d-\u014d <br \/>\n(Fud\u014dkutsu Sh\u014dny\u016bd\u014d)<\/a><\/li>\n<li><a class=\"fadeIn fadeBottom\" href=\"https:\/\/g-tourism.jp\/en\/info\/cherry_blossoms\/\" target=\"_top\" rel=\"noopener\">Yoshino Cherry Blossoms in Kawakami<\/a><\/li>\n<\/ul>\n<h2 class=\"fadeIn fadeBottom\">Food<\/h2>\n<ul class=\"infoMenuArea\">\n<li><a class=\"fadeIn fadeBottom\" href=\"https:\/\/g-tourism.jp\/en\/info\/kakinohazushi\/\" target=\"_top\" rel=\"noopener\">Persimmon-Leaf Sushi (Kaki no Ha Zushi)<\/a><\/li>\n<li><a class=\"fadeIn fadeBottom\" href=\"https:\/\/g-tourism.jp\/en\/info\/ayu_cuisine\/\" target=\"_top\" rel=\"noopener\"><em>Ayu<\/em> Cuisine<\/a><\/li>\n<\/ul>\n<h2 class=\"fadeIn fadeBottom\">Onsen<\/h2>\n<ul class=\"infoMenuArea\">\n<li><a class=\"fadeIn fadeBottom\" href=\"https:\/\/g-tourism.jp\/en\/info\/suginoyu\/\" target=\"_top\" rel=\"noopener\">Yumori Hot Spring and Hotel Suginoyu<\/a><\/li>\n<li><a class=\"fadeIn fadeBottom\" href=\"https:\/\/g-tourism.jp\/en\/info\/yamabatoyu\/\" target=\"_top\" rel=\"noopener\">Shionoha Hot Spring and Yamabato Yu<\/a><\/li>\n<\/ul>\n<h2 class=\"fadeIn fadeBottom\">Shrines and Temples<\/h2>\n<ul class=\"infoMenuArea\">\n<li><a class=\"fadeIn fadeBottom\" href=\"https:\/\/g-tourism.jp\/en\/info\/kongoji\/\" target=\"_top\" rel=\"noopener\">Kong\u014dji Temple<\/a><\/li>\n<li><a class=\"fadeIn fadeBottom\" href=\"https:\/\/g-tourism.jp\/en\/info\/niukawakami\/\" target=\"_top\" rel=\"noopener\">Niukawakami Jinja Shrine (Kamisha)<\/a><\/li>\n<\/ul>\n<h2 class=\"fadeIn fadeBottom\">History<\/h2>\n<ul class=\"infoMenuArea\">\n<li><a class=\"fadeIn fadeBottom\" href=\"https:\/\/g-tourism.jp\/en\/info\/ochohai\/\" target=\"_top\" rel=\"noopener\">Och\u014dhai Ceremony<\/a><\/li>\n<li><a class=\"fadeIn fadeBottom\" href=\"https:\/\/g-tourism.jp\/en\/info\/yumiiwai\/\" target=\"_top\" rel=\"noopener\">Yumiiwai Demon-Slaying Ceremony<\/a><\/li>\n<\/ul>\n<h2 class=\"fadeIn fadeBottom\">Sightseeinge<\/h2>\n<ul class=\"infoMenuArea\">\n<li><a class=\"fadeIn fadeBottom\" href=\"https:\/\/g-tourism.jp\/en\/info\/genryu_tourism\/\" target=\"_top\" rel=\"noopener\">Kawakami Genry\u016b Tourism<\/a><\/li>\n<li><a class=\"fadeIn fadeBottom\" href=\"https:\/\/g-tourism.jp\/en\/info\/genryukan\/\" target=\"_top\" rel=\"noopener\">Forest and Riverhead Museum Genry\u016bkan<\/a><\/li>\n<li><a class=\"fadeIn fadeBottom\" href=\"https:\/\/g-tourism.jp\/en\/info\/takuminomura\/\" target=\"_top\" rel=\"noopener\">Kawakami\u2019s Artist Community,<br \/>\nTakumi no Mura<\/a><\/li>\n<\/ul>\n<\/div>\n<\/div>\n<div class=\"contentsWhite\">\n<div class=\"contentsNest\">\n<div class=\"newsAccess\">Access<\/div>\n<div class=\"imgArea\"><img loading=\"lazy\" decoding=\"async\" class=\"alignnone size-full wp-image-27\" src=\"https:\/\/g-tourism.jp\/en\/wp-content\/uploads\/2025\/03\/top_map.png\" alt=\"\" width=\"900\" height=\"600\" srcset=\"https:\/\/g-tourism.jp\/en\/wp-content\/uploads\/2025\/03\/top_map.png 900w, https:\/\/g-tourism.jp\/en\/wp-content\/uploads\/2025\/03\/top_map-640x427.png 640w, https:\/\/g-tourism.jp\/en\/wp-content\/uploads\/2025\/03\/top_map-768x512.png 768w\" sizes=\"(max-width: 900px) 100vw, 900px\" \/><\/div>\n<p>&nbsp;<\/p>\n<\/div>\n<div class=\"bottomLinkArea\"><img decoding=\"async\" src=\"https:\/\/g-tourism.jp\/en\/wp-content\/themes\/english\/images\/common\/logo_jta.jpg\" alt=\"Japan Tourism Agency\"><\/div>\n<\/div>\n","protected":false},"excerpt":{"rendered":"<p>The village of Nara Kawakami Out of the Quiet of the Mountains, a River Flows The town of Kawakami is tucked a [&hellip;]<\/p>\n","protected":false},"author":1,"featured_media":0,"parent":0,"menu_order":0,"comment_status":"closed","ping_status":"closed","template":"page-front-template.php","meta":{"footnotes":""},"_links":{"self":[{"href":"https:\/\/g-tourism.jp\/en\/wp-json\/wp\/v2\/pages\/10"}],"collection":[{"href":"https:\/\/g-tourism.jp\/en\/wp-json\/wp\/v2\/pages"}],"about":[{"href":"https:\/\/g-tourism.jp\/en\/wp-json\/wp\/v2\/types\/page"}],"author":[{"embeddable":true,"href":"https:\/\/g-tourism.jp\/en\/wp-json\/wp\/v2\/users\/1"}],"replies":[{"embeddable":true,"href":"https:\/\/g-tourism.jp\/en\/wp-json\/wp\/v2\/comments?post=10"}],"version-history":[{"count":6,"href":"https:\/\/g-tourism.jp\/en\/wp-json\/wp\/v2\/pages\/10\/revisions"}],"predecessor-version":[{"id":138,"href":"https:\/\/g-tourism.jp\/en\/wp-json\/wp\/v2\/pages\/10\/revisions\/138"}],"wp:attachment":[{"href":"https:\/\/g-tourism.jp\/en\/wp-json\/wp\/v2\/media?parent=10"}],"curies":[{"name":"wp","href":"https:\/\/api.w.org\/{rel}","templated":true}]}}